{"id":754,"date":"2021-11-22T08:52:02","date_gmt":"2021-11-22T08:52:02","guid":{"rendered":"https:\/\/opg-guberovic.hr\/?page_id=754"},"modified":"2021-11-22T10:01:50","modified_gmt":"2021-11-22T10:01:50","slug":"mjera-6-2-1","status":"publish","type":"page","link":"https:\/\/opg-guberovic.hr\/?page_id=754","title":{"rendered":"Mjera 6.2.1"},"content":{"rendered":"\t\t<div data-elementor-type=\"wp-page\" data-elementor-id=\"754\" class=\"elementor elementor-754\">\n\t\t\t\t\t\t\t\t\t<section class=\"elementor-section elementor-top-section elementor-element elementor-element-716c682 elementor-section-boxed elementor-section-height-default elementor-section-height-default\" data-id=\"716c682\" data-element_type=\"section\">\n\t\t\t\t\t\t<div class=\"elementor-container elementor-column-gap-default\">\n\t\t\t\t\t<div class=\"elementor-column elementor-col-100 elementor-top-column elementor-element elementor-element-7e5a56b\" data-id=\"7e5a56b\" data-element_type=\"column\">\n\t\t\t<div class=\"elementor-widget-wrap elementor-element-populated\">\n\t\t\t\t\t\t\t\t<div class=\"elementor-element elementor-element-8209fd1 elementor-widget elementor-widget-image\" data-id=\"8209fd1\" data-element_type=\"widget\" data-widget_type=\"image.default\">\n\t\t\t\t<div class=\"elementor-widget-container\">\n\t\t\t<style>\/*! elementor - v3.13.2 - 11-05-2023 *\/\n.elementor-widget-image{text-align:center}.elementor-widget-image a{display:inline-block}.elementor-widget-image a img[src$=\".svg\"]{width:48px}.elementor-widget-image img{vertical-align:middle;display:inline-block}<\/style>\t\t\t\t\t\t\t\t\t\t\t\t<img loading=\"lazy\" decoding=\"async\" width=\"525\" height=\"336\" src=\"https:\/\/opg-guberovic.hr\/wp-content\/uploads\/2021\/11\/guberovic-opg.png\" class=\"attachment-medium_large size-medium_large wp-image-770\" alt=\"\" srcset=\"https:\/\/opg-guberovic.hr\/wp-content\/uploads\/2021\/11\/guberovic-opg.png 538w, https:\/\/opg-guberovic.hr\/wp-content\/uploads\/2021\/11\/guberovic-opg-300x192.png 300w\" sizes=\"auto, (max-width: 525px) 100vw, 525px\" \/>\t\t\t\t\t\t\t\t\t\t\t\t\t\t\t<\/div>\n\t\t\t\t<\/div>\n\t\t\t\t\t<\/div>\n\t\t<\/div>\n\t\t\t\t\t\t\t<\/div>\n\t\t<\/section>\n\t\t\t\t<section class=\"elementor-section elementor-top-section elementor-element elementor-element-5978338 elementor-section-boxed elementor-section-height-default elementor-section-height-default\" data-id=\"5978338\" data-element_type=\"section\">\n\t\t\t\t\t\t<div class=\"elementor-container elementor-column-gap-default\">\n\t\t\t\t\t<div class=\"elementor-column elementor-col-100 elementor-top-column elementor-element elementor-element-44d19f5\" data-id=\"44d19f5\" data-element_type=\"column\">\n\t\t\t<div class=\"elementor-widget-wrap elementor-element-populated\">\n\t\t\t\t\t\t\t\t<div class=\"elementor-element elementor-element-356ef05 elementor-widget elementor-widget-text-editor\" data-id=\"356ef05\" data-element_type=\"widget\" data-widget_type=\"text-editor.default\">\n\t\t\t\t<div class=\"elementor-widget-container\">\n\t\t\t<style>\/*! elementor - v3.13.2 - 11-05-2023 *\/\n.elementor-widget-text-editor.elementor-drop-cap-view-stacked .elementor-drop-cap{background-color:#69727d;color:#fff}.elementor-widget-text-editor.elementor-drop-cap-view-framed .elementor-drop-cap{color:#69727d;border:3px solid;background-color:transparent}.elementor-widget-text-editor:not(.elementor-drop-cap-view-default) .elementor-drop-cap{margin-top:8px}.elementor-widget-text-editor:not(.elementor-drop-cap-view-default) .elementor-drop-cap-letter{width:1em;height:1em}.elementor-widget-text-editor .elementor-drop-cap{float:left;text-align:center;line-height:1;font-size:50px}.elementor-widget-text-editor .elementor-drop-cap-letter{display:inline-block}<\/style>\t\t\t\t<p>NAZIV PROJEKTA:<\/p><p>Usluge Guberovi\u0107<\/p><p>OPIS PROJEKTA:<\/p><p>Op\u0107i cilj projekta je pobolj\u0161ati uvjet \u017eivota\/smanjiti depopulaciju i poticati na podru\u010dju op\u0107ine<br \/>Stara Gradi\u0161ka.<br \/>Naime, uvjeti \u017eivota \u0107e se pobolj\u0161ati kroz projekt kupnje traktora kojima \u0107e se realizirati usluge na<br \/>podru\u010dju op\u0107ine, na na\u010din da \u0107e velika ve\u0107ina poljoprivrednika ili malih opg-a kvalitetno obra\u0111ivati<br \/>svoje poljoprivredne povr\u0161ine \u010dime \u0107e se podi\u0107i kvaliteta poljoprivrede i odr\u017eivi razvoj.<\/p><p>Specifi\u010dni ciljevi koji su zadani za ostvarenje ovim projektom su:<br \/>1. Modernizacija opreme OPG-a<br \/>Kupnjom jednog novog traktora i registracijom dopunske djelatnosti utjecati \u0107e se na dodatne<br \/>prihode opg-a kojim \u0107e se dodatno dugoro\u010dno modernizirati sva oprema OPG-a<br \/>2. Zadr\u017eati postoje\u0107u razinu zaposlenosti i zaposliti 1 novu osobu<br \/>Dodatnim prihodima omogu\u0107iti \u0107e se zadr\u017eavanje trenutne razine zapo\u0161ljivosti te dodatnog<br \/>zapo\u0161ljavanja jedne \u017eenske osobe.<\/p><p>AKTIVNOSTI:<\/p><ul><li>kupnja novog traktora<\/li><li>izada web stranice<\/li><li>\u00a0<\/li><\/ul><p>VRIJEDNOST PROJEKTA:<\/p><p>371.975,00 HRK.<\/p>\t\t\t\t\t\t<\/div>\n\t\t\t\t<\/div>\n\t\t\t\t\t<\/div>\n\t\t<\/div>\n\t\t\t\t\t\t\t<\/div>\n\t\t<\/section>\n\t\t\t\t\t\t\t<\/div>\n\t\t","protected":false},"excerpt":{"rendered":"<p>NAZIV PROJEKTA: Usluge Guberovi\u0107 OPIS PROJEKTA: Op\u0107i cilj projekta je pobolj\u0161ati uvjet \u017eivota\/smanjiti depopulaciju i poticati na podru\u010dju op\u0107ineStara Gradi\u0161ka.Naime, uvjeti \u017eivota \u0107e se pobolj\u0161ati kroz projekt kupnje traktora kojima \u0107e se realizirati usluge napodru\u010dju op\u0107ine, na na\u010din da \u0107e velika ve\u0107ina poljoprivrednika ili malih opg-a kvalitetno obra\u0111ivatisvoje poljoprivredne povr\u0161ine \u010dime \u0107e se podi\u0107i kvaliteta [&hellip;]<\/p>\n","protected":false},"author":1,"featured_media":0,"parent":0,"menu_order":0,"comment_status":"closed","ping_status":"closed","template":"","meta":{"footnotes":""},"class_list":["post-754","page","type-page","status-publish","hentry"],"yoast_head":"<!-- This site is optimized with the Yoast SEO plugin v20.7 - https:\/\/yoast.com\/wordpress\/plugins\/seo\/ -->\n<title>Mjera 6.2.1 - OPG Guberovi\u0107 Petar<\/title>\n<meta name=\"robots\" content=\"index, follow, max-snippet:-1, max-image-preview:large, max-video-preview:-1\" \/>\n<link rel=\"canonical\" href=\"https:\/\/opg-guberovic.hr\/?page_id=754\" \/>\n<meta property=\"og:locale\" content=\"hr_HR\" \/>\n<meta property=\"og:type\" content=\"article\" \/>\n<meta property=\"og:title\" content=\"Mjera 6.2.1 - OPG Guberovi\u0107 Petar\" \/>\n<meta property=\"og:description\" content=\"NAZIV PROJEKTA: Usluge Guberovi\u0107 OPIS PROJEKTA: Op\u0107i cilj projekta je pobolj\u0161ati uvjet \u017eivota\/smanjiti depopulaciju i poticati na podru\u010dju op\u0107ineStara Gradi\u0161ka.Naime, uvjeti \u017eivota \u0107e se pobolj\u0161ati kroz projekt kupnje traktora kojima \u0107e se realizirati usluge napodru\u010dju op\u0107ine, na na\u010din da \u0107e velika ve\u0107ina poljoprivrednika ili malih opg-a kvalitetno obra\u0111ivatisvoje poljoprivredne povr\u0161ine \u010dime \u0107e se podi\u0107i kvaliteta [&hellip;]\" \/>\n<meta property=\"og:url\" content=\"https:\/\/opg-guberovic.hr\/?page_id=754\" \/>\n<meta property=\"og:site_name\" content=\"OPG Guberovi\u0107 Petar\" \/>\n<meta property=\"article:modified_time\" content=\"2021-11-22T10:01:50+00:00\" \/>\n<meta property=\"og:image\" content=\"https:\/\/opg-guberovic.hr\/wp-content\/uploads\/2021\/11\/guberovic-opg.png\" \/>\n<meta name=\"twitter:card\" content=\"summary_large_image\" \/>\n<meta name=\"twitter:label1\" content=\"Procijenjeno vrijeme \u010ditanja\" \/>\n\t<meta name=\"twitter:data1\" content=\"1 minuta\" \/>\n<script type=\"application\/ld+json\" class=\"yoast-schema-graph\">{\"@context\":\"https:\/\/schema.org\",\"@graph\":[{\"@type\":\"WebPage\",\"@id\":\"https:\/\/opg-guberovic.hr\/?page_id=754\",\"url\":\"https:\/\/opg-guberovic.hr\/?page_id=754\",\"name\":\"Mjera 6.2.1 - OPG Guberovi\u0107 Petar\",\"isPartOf\":{\"@id\":\"https:\/\/opg-guberovic.hr\/#website\"},\"datePublished\":\"2021-11-22T08:52:02+00:00\",\"dateModified\":\"2021-11-22T10:01:50+00:00\",\"breadcrumb\":{\"@id\":\"https:\/\/opg-guberovic.hr\/?page_id=754#breadcrumb\"},\"inLanguage\":\"hr\",\"potentialAction\":[{\"@type\":\"ReadAction\",\"target\":[\"https:\/\/opg-guberovic.hr\/?page_id=754\"]}]},{\"@type\":\"BreadcrumbList\",\"@id\":\"https:\/\/opg-guberovic.hr\/?page_id=754#breadcrumb\",\"itemListElement\":[{\"@type\":\"ListItem\",\"position\":1,\"name\":\"Po\u010detna stranica\",\"item\":\"https:\/\/opg-guberovic.hr\/\"},{\"@type\":\"ListItem\",\"position\":2,\"name\":\"Mjera 6.2.1\"}]},{\"@type\":\"WebSite\",\"@id\":\"https:\/\/opg-guberovic.hr\/#website\",\"url\":\"https:\/\/opg-guberovic.hr\/\",\"name\":\"OPG Guberovi\u0107 Petar\",\"description\":\"Vrhunsko doma\u0107e mlijeko\",\"publisher\":{\"@id\":\"https:\/\/opg-guberovic.hr\/#organization\"},\"potentialAction\":[{\"@type\":\"SearchAction\",\"target\":{\"@type\":\"EntryPoint\",\"urlTemplate\":\"https:\/\/opg-guberovic.hr\/?s={search_term_string}\"},\"query-input\":\"required name=search_term_string\"}],\"inLanguage\":\"hr\"},{\"@type\":\"Organization\",\"@id\":\"https:\/\/opg-guberovic.hr\/#organization\",\"name\":\"OPG Guberovi\u0107 Petar\",\"url\":\"https:\/\/opg-guberovic.hr\/\",\"logo\":{\"@type\":\"ImageObject\",\"inLanguage\":\"hr\",\"@id\":\"https:\/\/opg-guberovic.hr\/#\/schema\/logo\/image\/\",\"url\":\"https:\/\/opg-guberovic.hr\/wp-content\/uploads\/2020\/07\/logo.png\",\"contentUrl\":\"https:\/\/opg-guberovic.hr\/wp-content\/uploads\/2020\/07\/logo.png\",\"width\":215,\"height\":71,\"caption\":\"OPG Guberovi\u0107 Petar\"},\"image\":{\"@id\":\"https:\/\/opg-guberovic.hr\/#\/schema\/logo\/image\/\"}}]}<\/script>\n<!-- \/ Yoast SEO plugin. -->","yoast_head_json":{"title":"Mjera 6.2.1 - OPG Guberovi\u0107 Petar","robots":{"index":"index","follow":"follow","max-snippet":"max-snippet:-1","max-image-preview":"max-image-preview:large","max-video-preview":"max-video-preview:-1"},"canonical":"https:\/\/opg-guberovic.hr\/?page_id=754","og_locale":"hr_HR","og_type":"article","og_title":"Mjera 6.2.1 - OPG Guberovi\u0107 Petar","og_description":"NAZIV PROJEKTA: Usluge Guberovi\u0107 OPIS PROJEKTA: Op\u0107i cilj projekta je pobolj\u0161ati uvjet \u017eivota\/smanjiti depopulaciju i poticati na podru\u010dju op\u0107ineStara Gradi\u0161ka.Naime, uvjeti \u017eivota \u0107e se pobolj\u0161ati kroz projekt kupnje traktora kojima \u0107e se realizirati usluge napodru\u010dju op\u0107ine, na na\u010din da \u0107e velika ve\u0107ina poljoprivrednika ili malih opg-a kvalitetno obra\u0111ivatisvoje poljoprivredne povr\u0161ine \u010dime \u0107e se podi\u0107i kvaliteta [&hellip;]","og_url":"https:\/\/opg-guberovic.hr\/?page_id=754","og_site_name":"OPG Guberovi\u0107 Petar","article_modified_time":"2021-11-22T10:01:50+00:00","og_image":[{"url":"https:\/\/opg-guberovic.hr\/wp-content\/uploads\/2021\/11\/guberovic-opg.png"}],"twitter_card":"summary_large_image","twitter_misc":{"Procijenjeno vrijeme \u010ditanja":"1 minuta"},"schema":{"@context":"https:\/\/schema.org","@graph":[{"@type":"WebPage","@id":"https:\/\/opg-guberovic.hr\/?page_id=754","url":"https:\/\/opg-guberovic.hr\/?page_id=754","name":"Mjera 6.2.1 - OPG Guberovi\u0107 Petar","isPartOf":{"@id":"https:\/\/opg-guberovic.hr\/#website"},"datePublished":"2021-11-22T08:52:02+00:00","dateModified":"2021-11-22T10:01:50+00:00","breadcrumb":{"@id":"https:\/\/opg-guberovic.hr\/?page_id=754#breadcrumb"},"inLanguage":"hr","potentialAction":[{"@type":"ReadAction","target":["https:\/\/opg-guberovic.hr\/?page_id=754"]}]},{"@type":"BreadcrumbList","@id":"https:\/\/opg-guberovic.hr\/?page_id=754#breadcrumb","itemListElement":[{"@type":"ListItem","position":1,"name":"Po\u010detna stranica","item":"https:\/\/opg-guberovic.hr\/"},{"@type":"ListItem","position":2,"name":"Mjera 6.2.1"}]},{"@type":"WebSite","@id":"https:\/\/opg-guberovic.hr\/#website","url":"https:\/\/opg-guberovic.hr\/","name":"OPG Guberovi\u0107 Petar","description":"Vrhunsko doma\u0107e mlijeko","publisher":{"@id":"https:\/\/opg-guberovic.hr\/#organization"},"potentialAction":[{"@type":"SearchAction","target":{"@type":"EntryPoint","urlTemplate":"https:\/\/opg-guberovic.hr\/?s={search_term_string}"},"query-input":"required name=search_term_string"}],"inLanguage":"hr"},{"@type":"Organization","@id":"https:\/\/opg-guberovic.hr\/#organization","name":"OPG Guberovi\u0107 Petar","url":"https:\/\/opg-guberovic.hr\/","logo":{"@type":"ImageObject","inLanguage":"hr","@id":"https:\/\/opg-guberovic.hr\/#\/schema\/logo\/image\/","url":"https:\/\/opg-guberovic.hr\/wp-content\/uploads\/2020\/07\/logo.png","contentUrl":"https:\/\/opg-guberovic.hr\/wp-content\/uploads\/2020\/07\/logo.png","width":215,"height":71,"caption":"OPG Guberovi\u0107 Petar"},"image":{"@id":"https:\/\/opg-guberovic.hr\/#\/schema\/logo\/image\/"}}]}},"_links":{"self":[{"href":"https:\/\/opg-guberovic.hr\/index.php?rest_route=\/wp\/v2\/pages\/754","targetHints":{"allow":["GET"]}}],"collection":[{"href":"https:\/\/opg-guberovic.hr\/index.php?rest_route=\/wp\/v2\/pages"}],"about":[{"href":"https:\/\/opg-guberovic.hr\/index.php?rest_route=\/wp\/v2\/types\/page"}],"author":[{"embeddable":true,"href":"https:\/\/opg-guberovic.hr\/index.php?rest_route=\/wp\/v2\/users\/1"}],"replies":[{"embeddable":true,"href":"https:\/\/opg-guberovic.hr\/index.php?rest_route=%2Fwp%2Fv2%2Fcomments&post=754"}],"version-history":[{"count":21,"href":"https:\/\/opg-guberovic.hr\/index.php?rest_route=\/wp\/v2\/pages\/754\/revisions"}],"predecessor-version":[{"id":787,"href":"https:\/\/opg-guberovic.hr\/index.php?rest_route=\/wp\/v2\/pages\/754\/revisions\/787"}],"wp:attachment":[{"href":"https:\/\/opg-guberovic.hr\/index.php?rest_route=%2Fwp%2Fv2%2Fmedia&parent=754"}],"curies":[{"name":"wp","href":"https:\/\/api.w.org\/{rel}","templated":true}]}}