{"id":656,"date":"2020-07-19T13:32:31","date_gmt":"2020-07-19T13:32:31","guid":{"rendered":"http:\/\/el.commonsupport.com\/newwp\/hankcok\/?page_id=27"},"modified":"2021-11-21T12:26:06","modified_gmt":"2021-11-21T12:26:06","slug":"home","status":"publish","type":"page","link":"https:\/\/opg-guberovic.hr\/","title":{"rendered":"Home"},"content":{"rendered":"\t\t<div data-elementor-type=\"wp-page\" data-elementor-id=\"656\" class=\"elementor elementor-656\">\n\t\t\t\t\t\t\t\t\t<section class=\"elementor-section elementor-top-section elementor-element elementor-element-9bbd032 elementor-section-full_width elementor-section-height-default elementor-section-height-default\" data-id=\"9bbd032\" data-element_type=\"section\">\n\t\t\t\t\t\t<div class=\"elementor-container elementor-column-gap-default\">\n\t\t\t\t\t<div class=\"elementor-column elementor-col-100 elementor-top-column elementor-element elementor-element-a32db17\" data-id=\"a32db17\" data-element_type=\"column\">\n\t\t\t<div class=\"elementor-widget-wrap elementor-element-populated\">\n\t\t\t\t\t\t\t\t<div class=\"elementor-element elementor-element-3fbd0c0 elementor-widget elementor-widget-hankcok_home_slider_v4\" data-id=\"3fbd0c0\" data-element_type=\"widget\" data-widget_type=\"hankcok_home_slider_v4.default\">\n\t\t\t\t<div class=\"elementor-widget-container\">\n\t\t\t        \n        <!-- Bnner Section -->\n        <section class=\"banner-section style-two dark-style sp-four\">\n            <div class=\"swiper-container banner-slider\">\n                <div class=\"swiper-wrapper\">\n                                        <!-- Slide Item -->\n                    <div class=\"swiper-slide\" style=\"background-image: url(https:\/\/opg-guberovic.hr\/wp-content\/uploads\/2020\/07\/image-8.jpg);\">\n                        <div class=\"content-outer\">\n                            <div class=\"content-box\">\n                                <div class=\"inner\">\n                                    <h1>Pristup sa srcem <br> za vrhunsko mlijeko<\/h1>\n                                    <div class=\"text\">Svakodnevno se suo\u010davamo sa izazovima da proizvedemo vrhunsko mlijeko u skladu sa svim normama.  <\/div>\n                                    <div class=\"link-box\">\n                                        <a href=\"\" class=\"theme-btn btn-style-one style-two\"><span><\/span><\/a>\n                                    <\/div>\n                                <\/div>\n                            <\/div>\n                        <\/div>\n                    <\/div>\n                                        <!-- Slide Item -->\n                    <div class=\"swiper-slide\" style=\"background-image: url(https:\/\/opg-guberovic.hr\/wp-content\/uploads\/2021\/11\/zitarice.png);\">\n                        <div class=\"content-outer\">\n                            <div class=\"content-box\">\n                                <div class=\"inner\">\n                                    <h1>Vrhunska zemlja za kvalitetnu hranu<\/h1>\n                                    <div class=\"text\">Na na\u0161oj zemlji proizvodimo \u017eitarice, kukuruz i lucernu a na\u0161i pa\u0161njaci namjenjeni su samo na\u0161im kravama.  <\/div>\n                                    <div class=\"link-box\">\n                                        <a href=\"\" class=\"theme-btn btn-style-one style-two\"><span><\/span><\/a>\n                                    <\/div>\n                                <\/div>\n                            <\/div>\n                        <\/div>\n                    <\/div>\n                                    <\/div>\n            <\/div>\n            <div class=\"banner-slider-nav\">\n                <div class=\"banner-slider-control banner-slider-button-prev\"><span><i class=\"far fa-angle-left\"><\/i><\/span><\/div>\n                <div class=\"banner-slider-control banner-slider-button-next\"><span><i class=\"far fa-angle-right\"><\/i><\/span> <\/div>\n            <\/div>\n        <\/section>\n        <!-- End Bnner Section -->\n        \n\t\t\t\t<\/div>\n\t\t\t\t<\/div>\n\t\t\t\t\t<\/div>\n\t\t<\/div>\n\t\t\t\t\t\t\t<\/div>\n\t\t<\/section>\n\t\t\t\t<section class=\"elementor-section elementor-top-section elementor-element elementor-element-d141e50 elementor-section-full_width elementor-section-height-default elementor-section-height-default\" data-id=\"d141e50\" data-element_type=\"section\">\n\t\t\t\t\t\t<div class=\"elementor-container elementor-column-gap-default\">\n\t\t\t\t\t<div class=\"elementor-column elementor-col-100 elementor-top-column elementor-element elementor-element-69d40ac\" data-id=\"69d40ac\" data-element_type=\"column\">\n\t\t\t<div class=\"elementor-widget-wrap\">\n\t\t\t\t\t\t\t\t\t<\/div>\n\t\t<\/div>\n\t\t\t\t\t\t\t<\/div>\n\t\t<\/section>\n\t\t\t\t<section class=\"elementor-section elementor-top-section elementor-element elementor-element-154c1d1 elementor-section-full_width elementor-section-height-default elementor-section-height-default\" data-id=\"154c1d1\" data-element_type=\"section\">\n\t\t\t\t\t\t<div class=\"elementor-container elementor-column-gap-default\">\n\t\t\t\t\t<div class=\"elementor-column elementor-col-100 elementor-top-column elementor-element elementor-element-35ccea2\" data-id=\"35ccea2\" data-element_type=\"column\">\n\t\t\t<div class=\"elementor-widget-wrap\">\n\t\t\t\t\t\t\t\t\t<\/div>\n\t\t<\/div>\n\t\t\t\t\t\t\t<\/div>\n\t\t<\/section>\n\t\t\t\t<section class=\"elementor-section elementor-top-section elementor-element elementor-element-b12d867 elementor-section-full_width elementor-section-height-default elementor-section-height-default\" data-id=\"b12d867\" data-element_type=\"section\">\n\t\t\t\t\t\t<div class=\"elementor-container elementor-column-gap-default\">\n\t\t\t\t\t<div class=\"elementor-column elementor-col-100 elementor-top-column elementor-element elementor-element-0d2f6fc\" data-id=\"0d2f6fc\" data-element_type=\"column\">\n\t\t\t<div class=\"elementor-widget-wrap\">\n\t\t\t\t\t\t\t\t\t<\/div>\n\t\t<\/div>\n\t\t\t\t\t\t\t<\/div>\n\t\t<\/section>\n\t\t\t\t<section class=\"elementor-section elementor-top-section elementor-element elementor-element-d3cf589 elementor-section-full_width elementor-section-height-default elementor-section-height-default\" data-id=\"d3cf589\" data-element_type=\"section\">\n\t\t\t\t\t\t<div class=\"elementor-container elementor-column-gap-default\">\n\t\t\t\t\t<div class=\"elementor-column elementor-col-100 elementor-top-column elementor-element elementor-element-a4966e7\" data-id=\"a4966e7\" data-element_type=\"column\">\n\t\t\t<div class=\"elementor-widget-wrap\">\n\t\t\t\t\t\t\t\t\t<\/div>\n\t\t<\/div>\n\t\t\t\t\t\t\t<\/div>\n\t\t<\/section>\n\t\t\t\t<section class=\"elementor-section elementor-top-section elementor-element elementor-element-706d70f elementor-section-full_width elementor-section-height-default elementor-section-height-default\" data-id=\"706d70f\" data-element_type=\"section\">\n\t\t\t\t\t\t<div class=\"elementor-container elementor-column-gap-default\">\n\t\t\t\t\t<div class=\"elementor-column elementor-col-100 elementor-top-column elementor-element elementor-element-4ce5ca9\" data-id=\"4ce5ca9\" data-element_type=\"column\">\n\t\t\t<div class=\"elementor-widget-wrap elementor-element-populated\">\n\t\t\t\t\t\t\t\t<div class=\"elementor-element elementor-element-2f47bd2 elementor-widget elementor-widget-hankcok_about_us_v2\" data-id=\"2f47bd2\" data-element_type=\"widget\" data-widget_type=\"hankcok_about_us_v2.default\">\n\t\t\t\t<div class=\"elementor-widget-container\">\n\t\t\t        \n        <!-- About Us Section Two -->\n        <section class=\"about-us-section-two\">\n            <div class=\"auto-container\">\n                <div class=\"row\">\n                    <div class=\"col-lg-6 image-column\">\n                        <div class=\"outer-box\">\n                            <div class=\"image mb-30\">\n                                <img decoding=\"async\" src=\"https:\/\/opg-guberovic.hr\/wp-content\/uploads\/2020\/07\/image-10.jpg\" alt=\"Awesome Image\">\n                                <div class=\"content\">\n                                    <h4>O nama<\/h4>\n                                    <div class=\"text\">Obiteljsko gospodarstvo koje\nsvakodnevnim trudom proizvodi nove litre vrhunskog mlijeka<\/div>\n                                <\/div>\n                            <\/div>\n                        <\/div>                        \n                    <\/div>\n                    <div class=\"col-lg-6\">\n                        <div class=\"sec-title pl-lg-5 mb-30\">\n                            <h2>Misija na\u0161eg gospodarstva je proizvodnja vrhunskog mlijeka<\/h2>\n                            <div class=\"text\">\n                                <p>Na\u0161a tradicija i desetlje\u0107a iskustva poma\u017eu nam u tome da kvalitetno pristupimo proizvodnji.\nTrudimo se stvoriti identitet prepoznatljivosti i dugoro\u010dne odr\u017eivosti. Na\u0161a\n<\/p>\n<p>Upoznajte nas i na\u0161e poslovanje osobnim dolaskom ili kontaktom. <\/p>                            <\/div>\n                            <div class=\"read-more\"><a href=\"http:\/\/el.commonsupport.com\/newwp\/hankcok\/about-us\/\" class=\"read-more-btn\"><\/a><\/div>\n                        <\/div>\n                    <\/div>\n                <\/div>\n            <\/div>\n        <\/section>\n        \n\t\t\t\t<\/div>\n\t\t\t\t<\/div>\n\t\t\t\t<div class=\"elementor-element elementor-element-399d33d elementor-widget elementor-widget-hankcok_about_us\" data-id=\"399d33d\" data-element_type=\"widget\" data-widget_type=\"hankcok_about_us.default\">\n\t\t\t\t<div class=\"elementor-widget-container\">\n\t\t\t        \n        <!-- About Section -->\n        <section class=\"about-section \" style=\"background-image: url();\">\n            <div class=\"auto-container\">\n                <div class=\"row\">\n                    <div class=\"col-lg-7\">\n                        <div class=\"sec-title\">\n                            <h2>Pone\u0161to o na\u0161oj farmi <br> <\/h2>\n                            <div class=\"text\">Sa bogatim iskustvom u uzgoju mlje\u010dnih krava voditelj OPG-a Petar Guberovi\u0107 razvio je proizvodnju miljeka uz pra\u0107enje odgovaraju\u0107ih standarda. Godi\u0161nja proizvodnja se kre\u0107e otprilike oko 30000 litara visoko kvalitetnog mlijeka. Na\u0161e krave hrane se osobno proizvedenom hranom te zbog prepoznate kvalitete od strane korisnika lako dolazimo do plasmana na tr\u017ei\u0161tu.<\/div>\n                        <\/div>\n                        <div class=\"row\">\n                                                        <div class=\"col-md-3\">\n                                <div class=\"icon-box\">\n                                    <div class=\"icon\"><span class=\"icon flaticon-distillatory\"><\/span><\/div>\n                                    <h5>Suvremeni pristup <br> <\/h5>\n                                <\/div>\n                            <\/div>\n                                                        <div class=\"col-md-3\">\n                                <div class=\"icon-box\">\n                                    <div class=\"icon\"><span class=\"icon flaticon-null-4\"><\/span><\/div>\n                                    <h5>Prirodno i Organsko<\/h5>\n                                <\/div>\n                            <\/div>\n                                                        <div class=\"col-md-3\">\n                                <div class=\"icon-box\">\n                                    <div class=\"icon\"><span class=\"icon flaticon-wine\"><\/span><\/div>\n                                    <h5>Vrhunsko <br> Mlijeko<\/h5>\n                                <\/div>\n                            <\/div>\n                                                        <div class=\"col-md-3\">\n                                <div class=\"icon-box\">\n                                    <div class=\"icon\"><span class=\"icon flaticon-null-3\"><\/span><\/div>\n                                    <h5>Priznata <br> Kvaliteta<\/h5>\n                                <\/div>\n                            <\/div>\n                                                    <\/div>\n                    <\/div>\n                    <div class=\"col-lg-5\">\n                        <div class=\"image text-lg-right wow fadeInRight\" data-wow-delay=\"500ms\"><img decoding=\"async\" src=\"https:\/\/opg-guberovic.hr\/wp-content\/uploads\/2020\/07\/cow.png\" alt=\"Awesome Image\"><\/div>\n                    <\/div>\n                <\/div>\n            <\/div>\n        <\/section>\n        \n\t\t\t\t<\/div>\n\t\t\t\t<\/div>\n\t\t\t\t\t<\/div>\n\t\t<\/div>\n\t\t\t\t\t\t\t<\/div>\n\t\t<\/section>\n\t\t\t\t\t\t\t<\/div>\n\t\t","protected":false},"excerpt":{"rendered":"<p>Pristup sa srcem za vrhunsko mlijeko Svakodnevno se suo\u010davamo sa izazovima da proizvedemo vrhunsko mlijeko u skladu sa svim normama. Vrhunska zemlja za kvalitetnu hranu Na na\u0161oj zemlji proizvodimo \u017eitarice, kukuruz i lucernu a na\u0161i pa\u0161njaci namjenjeni su samo na\u0161im kravama. O nama Obiteljsko gospodarstvo koje svakodnevnim trudom proizvodi nove litre vrhunskog mlijeka Misija na\u0161eg [&hellip;]<\/p>\n","protected":false},"author":1,"featured_media":0,"parent":0,"menu_order":0,"comment_status":"closed","ping_status":"closed","template":"tpl-default-elementor.php","meta":{"footnotes":""},"class_list":["post-656","page","type-page","status-publish","hentry"],"yoast_head":"<!-- This site is optimized with the Yoast SEO plugin v20.7 - https:\/\/yoast.com\/wordpress\/plugins\/seo\/ -->\n<title>Home - OPG Guberovi\u0107 Petar<\/title>\n<meta name=\"robots\" content=\"index, follow, max-snippet:-1, max-image-preview:large, max-video-preview:-1\" \/>\n<link rel=\"canonical\" href=\"https:\/\/opg-guberovic.hr\/\" \/>\n<meta property=\"og:locale\" content=\"hr_HR\" \/>\n<meta property=\"og:type\" content=\"article\" \/>\n<meta property=\"og:title\" content=\"Home - OPG Guberovi\u0107 Petar\" \/>\n<meta property=\"og:description\" content=\"Pristup sa srcem za vrhunsko mlijeko Svakodnevno se suo\u010davamo sa izazovima da proizvedemo vrhunsko mlijeko u skladu sa svim normama. Vrhunska zemlja za kvalitetnu hranu Na na\u0161oj zemlji proizvodimo \u017eitarice, kukuruz i lucernu a na\u0161i pa\u0161njaci namjenjeni su samo na\u0161im kravama. O nama Obiteljsko gospodarstvo koje svakodnevnim trudom proizvodi nove litre vrhunskog mlijeka Misija na\u0161eg [&hellip;]\" \/>\n<meta property=\"og:url\" content=\"https:\/\/opg-guberovic.hr\/\" \/>\n<meta property=\"og:site_name\" content=\"OPG Guberovi\u0107 Petar\" \/>\n<meta property=\"article:modified_time\" content=\"2021-11-21T12:26:06+00:00\" \/>\n<meta property=\"og:image\" content=\"https:\/\/opg-guberovic.hr\/wp-content\/uploads\/2020\/07\/image-10.jpg\" \/>\n<meta name=\"twitter:card\" content=\"summary_large_image\" \/>\n<meta name=\"twitter:label1\" content=\"Procijenjeno vrijeme \u010ditanja\" \/>\n\t<meta name=\"twitter:data1\" content=\"2 minute\" \/>\n<script type=\"application\/ld+json\" class=\"yoast-schema-graph\">{\"@context\":\"https:\/\/schema.org\",\"@graph\":[{\"@type\":\"WebPage\",\"@id\":\"https:\/\/opg-guberovic.hr\/\",\"url\":\"https:\/\/opg-guberovic.hr\/\",\"name\":\"Home - OPG Guberovi\u0107 Petar\",\"isPartOf\":{\"@id\":\"https:\/\/opg-guberovic.hr\/#website\"},\"datePublished\":\"2020-07-19T13:32:31+00:00\",\"dateModified\":\"2021-11-21T12:26:06+00:00\",\"breadcrumb\":{\"@id\":\"https:\/\/opg-guberovic.hr\/#breadcrumb\"},\"inLanguage\":\"hr\",\"potentialAction\":[{\"@type\":\"ReadAction\",\"target\":[\"https:\/\/opg-guberovic.hr\/\"]}]},{\"@type\":\"BreadcrumbList\",\"@id\":\"https:\/\/opg-guberovic.hr\/#breadcrumb\",\"itemListElement\":[{\"@type\":\"ListItem\",\"position\":1,\"name\":\"Po\u010detna stranica\",\"item\":\"https:\/\/opg-guberovic.hr\/\"},{\"@type\":\"ListItem\",\"position\":2,\"name\":\"Home\"}]},{\"@type\":\"WebSite\",\"@id\":\"https:\/\/opg-guberovic.hr\/#website\",\"url\":\"https:\/\/opg-guberovic.hr\/\",\"name\":\"OPG Guberovi\u0107 Petar\",\"description\":\"Vrhunsko doma\u0107e mlijeko\",\"publisher\":{\"@id\":\"https:\/\/opg-guberovic.hr\/#organization\"},\"potentialAction\":[{\"@type\":\"SearchAction\",\"target\":{\"@type\":\"EntryPoint\",\"urlTemplate\":\"https:\/\/opg-guberovic.hr\/?s={search_term_string}\"},\"query-input\":\"required name=search_term_string\"}],\"inLanguage\":\"hr\"},{\"@type\":\"Organization\",\"@id\":\"https:\/\/opg-guberovic.hr\/#organization\",\"name\":\"OPG Guberovi\u0107 Petar\",\"url\":\"https:\/\/opg-guberovic.hr\/\",\"logo\":{\"@type\":\"ImageObject\",\"inLanguage\":\"hr\",\"@id\":\"https:\/\/opg-guberovic.hr\/#\/schema\/logo\/image\/\",\"url\":\"https:\/\/opg-guberovic.hr\/wp-content\/uploads\/2020\/07\/logo.png\",\"contentUrl\":\"https:\/\/opg-guberovic.hr\/wp-content\/uploads\/2020\/07\/logo.png\",\"width\":215,\"height\":71,\"caption\":\"OPG Guberovi\u0107 Petar\"},\"image\":{\"@id\":\"https:\/\/opg-guberovic.hr\/#\/schema\/logo\/image\/\"}}]}<\/script>\n<!-- \/ Yoast SEO plugin. -->","yoast_head_json":{"title":"Home - OPG Guberovi\u0107 Petar","robots":{"index":"index","follow":"follow","max-snippet":"max-snippet:-1","max-image-preview":"max-image-preview:large","max-video-preview":"max-video-preview:-1"},"canonical":"https:\/\/opg-guberovic.hr\/","og_locale":"hr_HR","og_type":"article","og_title":"Home - OPG Guberovi\u0107 Petar","og_description":"Pristup sa srcem za vrhunsko mlijeko Svakodnevno se suo\u010davamo sa izazovima da proizvedemo vrhunsko mlijeko u skladu sa svim normama. Vrhunska zemlja za kvalitetnu hranu Na na\u0161oj zemlji proizvodimo \u017eitarice, kukuruz i lucernu a na\u0161i pa\u0161njaci namjenjeni su samo na\u0161im kravama. O nama Obiteljsko gospodarstvo koje svakodnevnim trudom proizvodi nove litre vrhunskog mlijeka Misija na\u0161eg [&hellip;]","og_url":"https:\/\/opg-guberovic.hr\/","og_site_name":"OPG Guberovi\u0107 Petar","article_modified_time":"2021-11-21T12:26:06+00:00","og_image":[{"url":"https:\/\/opg-guberovic.hr\/wp-content\/uploads\/2020\/07\/image-10.jpg"}],"twitter_card":"summary_large_image","twitter_misc":{"Procijenjeno vrijeme \u010ditanja":"2 minute"},"schema":{"@context":"https:\/\/schema.org","@graph":[{"@type":"WebPage","@id":"https:\/\/opg-guberovic.hr\/","url":"https:\/\/opg-guberovic.hr\/","name":"Home - OPG Guberovi\u0107 Petar","isPartOf":{"@id":"https:\/\/opg-guberovic.hr\/#website"},"datePublished":"2020-07-19T13:32:31+00:00","dateModified":"2021-11-21T12:26:06+00:00","breadcrumb":{"@id":"https:\/\/opg-guberovic.hr\/#breadcrumb"},"inLanguage":"hr","potentialAction":[{"@type":"ReadAction","target":["https:\/\/opg-guberovic.hr\/"]}]},{"@type":"BreadcrumbList","@id":"https:\/\/opg-guberovic.hr\/#breadcrumb","itemListElement":[{"@type":"ListItem","position":1,"name":"Po\u010detna stranica","item":"https:\/\/opg-guberovic.hr\/"},{"@type":"ListItem","position":2,"name":"Home"}]},{"@type":"WebSite","@id":"https:\/\/opg-guberovic.hr\/#website","url":"https:\/\/opg-guberovic.hr\/","name":"OPG Guberovi\u0107 Petar","description":"Vrhunsko doma\u0107e mlijeko","publisher":{"@id":"https:\/\/opg-guberovic.hr\/#organization"},"potentialAction":[{"@type":"SearchAction","target":{"@type":"EntryPoint","urlTemplate":"https:\/\/opg-guberovic.hr\/?s={search_term_string}"},"query-input":"required name=search_term_string"}],"inLanguage":"hr"},{"@type":"Organization","@id":"https:\/\/opg-guberovic.hr\/#organization","name":"OPG Guberovi\u0107 Petar","url":"https:\/\/opg-guberovic.hr\/","logo":{"@type":"ImageObject","inLanguage":"hr","@id":"https:\/\/opg-guberovic.hr\/#\/schema\/logo\/image\/","url":"https:\/\/opg-guberovic.hr\/wp-content\/uploads\/2020\/07\/logo.png","contentUrl":"https:\/\/opg-guberovic.hr\/wp-content\/uploads\/2020\/07\/logo.png","width":215,"height":71,"caption":"OPG Guberovi\u0107 Petar"},"image":{"@id":"https:\/\/opg-guberovic.hr\/#\/schema\/logo\/image\/"}}]}},"_links":{"self":[{"href":"https:\/\/opg-guberovic.hr\/index.php?rest_route=\/wp\/v2\/pages\/656","targetHints":{"allow":["GET"]}}],"collection":[{"href":"https:\/\/opg-guberovic.hr\/index.php?rest_route=\/wp\/v2\/pages"}],"about":[{"href":"https:\/\/opg-guberovic.hr\/index.php?rest_route=\/wp\/v2\/types\/page"}],"author":[{"embeddable":true,"href":"https:\/\/opg-guberovic.hr\/index.php?rest_route=\/wp\/v2\/users\/1"}],"replies":[{"embeddable":true,"href":"https:\/\/opg-guberovic.hr\/index.php?rest_route=%2Fwp%2Fv2%2Fcomments&post=656"}],"version-history":[{"count":25,"href":"https:\/\/opg-guberovic.hr\/index.php?rest_route=\/wp\/v2\/pages\/656\/revisions"}],"predecessor-version":[{"id":702,"href":"https:\/\/opg-guberovic.hr\/index.php?rest_route=\/wp\/v2\/pages\/656\/revisions\/702"}],"wp:attachment":[{"href":"https:\/\/opg-guberovic.hr\/index.php?rest_route=%2Fwp%2Fv2%2Fmedia&parent=656"}],"curies":[{"name":"wp","href":"https:\/\/api.w.org\/{rel}","templated":true}]}}