{"id":317,"date":"2020-07-22T10:58:31","date_gmt":"2020-07-22T10:58:31","guid":{"rendered":"http:\/\/el.commonsupport.com\/newwp\/hankcok\/?page_id=317"},"modified":"2021-11-22T08:25:19","modified_gmt":"2021-11-22T08:25:19","slug":"kontakt","status":"publish","type":"page","link":"https:\/\/opg-guberovic.hr\/?page_id=317","title":{"rendered":"Kontakt"},"content":{"rendered":"\t\t<div data-elementor-type=\"wp-page\" data-elementor-id=\"317\" class=\"elementor elementor-317\">\n\t\t\t\t\t\t\t\t\t<section class=\"elementor-section elementor-top-section elementor-element elementor-element-74db32f elementor-section-full_width elementor-section-height-default elementor-section-height-default\" data-id=\"74db32f\" data-element_type=\"section\">\n\t\t\t\t\t\t<div class=\"elementor-container elementor-column-gap-default\">\n\t\t\t\t\t<div class=\"elementor-column elementor-col-100 elementor-top-column elementor-element elementor-element-b62be20\" data-id=\"b62be20\" data-element_type=\"column\">\n\t\t\t<div class=\"elementor-widget-wrap elementor-element-populated\">\n\t\t\t\t\t\t\t\t<div class=\"elementor-element elementor-element-b91ff4f elementor-widget elementor-widget-hankcok_contact_us\" data-id=\"b91ff4f\" data-element_type=\"widget\" data-widget_type=\"hankcok_contact_us.default\">\n\t\t\t\t<div class=\"elementor-widget-container\">\n\t\t\t        \r\n        <!-- Contact Section -->\r\n        <section class=\"contact-section style-two\">\r\n            <div class=\"auto-container\">\r\n                <div class=\"sec-title\">\r\n                    <h2>Ostanimo u kontaktu<\/h2>\r\n                    <div class=\"text\">Imate li pitanje ili prijedlog za suradnju. Slobodno nam se javite na jedan od kontakata.<\/div>\r\n                <\/div>\r\n                <div class=\"row\">\r\n                    <div class=\"col-lg-7\">\r\n                        <div class=\"contact-form\">\r\n                            \n<div class=\"wpcf7 no-js\" id=\"wpcf7-f320-o1\" lang=\"en-US\" dir=\"ltr\">\n<div class=\"screen-reader-response\"><p role=\"status\" aria-live=\"polite\" aria-atomic=\"true\"><\/p> <ul><\/ul><\/div>\n<form action=\"\/index.php?rest_route=%2Fwp%2Fv2%2Fpages%2F317#wpcf7-f320-o1\" method=\"post\" class=\"wpcf7-form init\" aria-label=\"Contact form\" novalidate=\"novalidate\" data-status=\"init\">\n<div style=\"display: none;\">\n<input type=\"hidden\" name=\"_wpcf7\" value=\"320\" \/>\n<input type=\"hidden\" name=\"_wpcf7_version\" value=\"5.7.6\" \/>\n<input type=\"hidden\" name=\"_wpcf7_locale\" value=\"en_US\" \/>\n<input type=\"hidden\" name=\"_wpcf7_unit_tag\" value=\"wpcf7-f320-o1\" \/>\n<input type=\"hidden\" name=\"_wpcf7_container_post\" value=\"0\" \/>\n<input type=\"hidden\" name=\"_wpcf7_posted_data_hash\" value=\"\" \/>\n<\/div>\n<div class=\"row\">\n\t<div class=\"col-md-6 form-group\">\n\t\t<p><span class=\"wpcf7-form-control-wrap\" data-name=\"text-787\"><input size=\"40\" class=\"wpcf7-form-control wpcf7-text wpcf7-validates-as-required\" aria-required=\"true\" aria-invalid=\"false\" placeholder=\"Ime\" value=\"\" type=\"text\" name=\"text-787\" \/><\/span>\n\t\t<\/p>\n\t<\/div>\n\t<div class=\"col-md-6 form-group\">\n\t\t<p><span class=\"wpcf7-form-control-wrap\" data-name=\"text-788\"><input size=\"40\" class=\"wpcf7-form-control wpcf7-text wpcf7-validates-as-required\" aria-required=\"true\" aria-invalid=\"false\" placeholder=\"Prezime\" value=\"\" type=\"text\" name=\"text-788\" \/><\/span>\n\t\t<\/p>\n\t<\/div>\n\t<div class=\"col-md-6 form-group\">\n\t\t<p><span class=\"wpcf7-form-control-wrap\" data-name=\"email-832\"><input size=\"40\" class=\"wpcf7-form-control wpcf7-text wpcf7-email wpcf7-validates-as-required wpcf7-validates-as-email\" aria-required=\"true\" aria-invalid=\"false\" placeholder=\"Email\" value=\"\" type=\"email\" name=\"email-832\" \/><\/span>\n\t\t<\/p>\n\t<\/div>\n\t<div class=\"col-md-6 form-group\">\n\t\t<p><span class=\"wpcf7-form-control-wrap\" data-name=\"text-789\"><input size=\"40\" class=\"wpcf7-form-control wpcf7-text\" aria-invalid=\"false\" placeholder=\"Telefon\" value=\"\" type=\"text\" name=\"text-789\" \/><\/span>\n\t\t<\/p>\n\t<\/div>\n\t<div class=\"col-md-12 form-group\">\n\t\t<p><span class=\"wpcf7-form-control-wrap\" data-name=\"menu-328\"><select class=\"wpcf7-form-control wpcf7-select selectpicker\" aria-invalid=\"false\" name=\"menu-328\"><option value=\"Subject\">Subject<\/option><option value=\"About Us\">About Us<\/option><option value=\"Our Farmers\">Our Farmers<\/option><option value=\"Recipes\">Recipes<\/option><option value=\"Products\">Products<\/option><\/select><\/span>\n\t\t<\/p>\n\t<\/div>\n\t<div class=\"col-md-12 form-group-two\">\n\t\t<p><span class=\"wpcf7-form-control-wrap\" data-name=\"textarea-669\"><textarea cols=\"40\" rows=\"10\" class=\"wpcf7-form-control wpcf7-textarea\" aria-invalid=\"false\" placeholder=\"Ovdje unesite poruku\" name=\"textarea-669\"><\/textarea><\/span>\n\t\t<\/p>\n\t<\/div>\n\t<div class=\"col-md-12 form-group\">\n\t\t<p><button class=\"theme-btn btn-style-one style-two\" type=\"submit\" name=\"submit-form\"><span class=\"btn-title\">Po\u0161alji poruku<\/span><\/button>\n\t\t<\/p>\n\t<\/div>\n<\/div><div class=\"wpcf7-response-output\" aria-hidden=\"true\"><\/div>\n<\/form>\n<\/div>\n                        <\/div>\r\n                    <\/div>\r\n                    <div class=\"col-lg-5\">\r\n                        <div class=\"contact-meta-block\">\r\n\t\t\t\t\t\t\t                            <div class=\"contact-info-block\">\r\n                                <div class=\"icon\"><i class=\"far fa-map-marker-alt\"><\/i><\/div>\r\n                                <ul class=\"inner-box\">\r\n                                    <li><strong>Address :<\/strong><\/li>\r\n                                    <li> Gornji Varo\u0161 157, 35435 Stara Gradi\u0161ka<\/li>\r\n                                <\/ul>\r\n                            <\/div>\r\n                                                                                    <div class=\"contact-info-block\">\r\n                                <div class=\"icon\"><i class=\"far fa-phone\"><\/i><\/div>\r\n                                <ul class=\"inner-box\">\r\n                                    <li><strong>Phone :<\/strong><\/li>\r\n                                    <li> 095\/8363-906, 091\/5749-865<\/li>\r\n                                <\/ul>\r\n                            <\/div>\r\n                                                                                    <div class=\"contact-info-block\">\r\n                                <div class=\"icon\"><i class=\"far fa-envelope\"><\/i><\/div>\r\n                                <ul class=\"inner-box\">\r\n                                    <li><strong>Email :<\/strong><\/li>\r\n                                    <li> info@opg-guberovic.hr, ivanguberovic@live.com<\/li>\r\n                                <\/ul>\r\n                            <\/div>\r\n                                                                                <\/div>\r\n                    <\/div>\r\n                <\/div>\r\n            <\/div>\r\n        <\/section>\r\n        \r\n\t\t\t\t<\/div>\n\t\t\t\t<\/div>\n\t\t\t\t\t<\/div>\n\t\t<\/div>\n\t\t\t\t\t\t\t<\/div>\n\t\t<\/section>\n\t\t\t\t<section class=\"elementor-section elementor-top-section elementor-element elementor-element-3814839 elementor-section-full_width elementor-section-height-default elementor-section-height-default\" data-id=\"3814839\" data-element_type=\"section\">\n\t\t\t\t\t\t<div class=\"elementor-container elementor-column-gap-default\">\n\t\t\t\t\t<div class=\"elementor-column elementor-col-100 elementor-top-column elementor-element elementor-element-1108a8d\" data-id=\"1108a8d\" data-element_type=\"column\">\n\t\t\t<div class=\"elementor-widget-wrap elementor-element-populated\">\n\t\t\t\t\t\t\t\t<div class=\"elementor-element elementor-element-979ff37 elementor-widget elementor-widget-hankcok_google_map\" data-id=\"979ff37\" data-element_type=\"widget\" data-widget_type=\"hankcok_google_map.default\">\n\t\t\t\t<div class=\"elementor-widget-container\">\n\t\t\t        \n        <!-- Map Section -->\n        <section class=\"map-section\">\n            <div class=\"contact-map\">\n                <iframe src=\"https:\/\/www.google.com\/maps\/embed?pb=!1m18!1m12!1m3!1d5627.759087875727!2d17.239724728069323!3d45.149036416393585!2m3!1f0!2f0!3f0!3m2!1i1024!2i768!4f13.1!3m3!1m2!1s0x47675c311151e1e9%3A0x5be61f5197341997!2sStara%20Gradi%C5%A1ka!5e0!3m2!1sen!2shr!4v1637569328380!5m2!1sen!2shr\" width=\"600\" height=\"450\" style=\"border:0;\" allowfullscreen=\"\" loading=\"lazy\"><\/iframe>            <\/div>\n        <\/section>\n        \n\t\t\t\t<\/div>\n\t\t\t\t<\/div>\n\t\t\t\t\t<\/div>\n\t\t<\/div>\n\t\t\t\t\t\t\t<\/div>\n\t\t<\/section>\n\t\t\t\t\t\t\t<\/div>\n\t\t","protected":false},"excerpt":{"rendered":"<p>Ostanimo u kontaktu Imate li pitanje ili prijedlog za suradnju. Slobodno nam se javite na jedan od kontakata. SubjectAbout UsOur FarmersRecipesProducts Po\u0161alji poruku Address : Gornji Varo\u0161 157, 35435 Stara Gradi\u0161ka Phone : 095\/8363-906, 091\/5749-865 Email : info@opg-guberovic.hr, ivanguberovic@live.com<\/p>\n","protected":false},"author":1,"featured_media":0,"parent":0,"menu_order":0,"comment_status":"closed","ping_status":"closed","template":"tpl-default-elementor.php","meta":{"footnotes":""},"class_list":["post-317","page","type-page","status-publish","hentry"],"yoast_head":"<!-- This site is optimized with the Yoast SEO plugin v20.7 - https:\/\/yoast.com\/wordpress\/plugins\/seo\/ -->\n<title>Kontakt - OPG Guberovi\u0107 Petar<\/title>\n<meta name=\"robots\" content=\"index, follow, max-snippet:-1, max-image-preview:large, max-video-preview:-1\" \/>\n<link rel=\"canonical\" href=\"https:\/\/opg-guberovic.hr\/?page_id=317\" \/>\n<meta property=\"og:locale\" content=\"hr_HR\" \/>\n<meta property=\"og:type\" content=\"article\" \/>\n<meta property=\"og:title\" content=\"Kontakt - OPG Guberovi\u0107 Petar\" \/>\n<meta property=\"og:description\" content=\"Ostanimo u kontaktu Imate li pitanje ili prijedlog za suradnju. Slobodno nam se javite na jedan od kontakata. SubjectAbout UsOur FarmersRecipesProducts Po\u0161alji poruku Address : Gornji Varo\u0161 157, 35435 Stara Gradi\u0161ka Phone : 095\/8363-906, 091\/5749-865 Email : info@opg-guberovic.hr, ivanguberovic@live.com\" \/>\n<meta property=\"og:url\" content=\"https:\/\/opg-guberovic.hr\/?page_id=317\" \/>\n<meta property=\"og:site_name\" content=\"OPG Guberovi\u0107 Petar\" \/>\n<meta property=\"article:modified_time\" content=\"2021-11-22T08:25:19+00:00\" \/>\n<meta name=\"twitter:card\" content=\"summary_large_image\" \/>\n<meta name=\"twitter:label1\" content=\"Procijenjeno vrijeme \u010ditanja\" \/>\n\t<meta name=\"twitter:data1\" content=\"1 minuta\" \/>\n<script type=\"application\/ld+json\" class=\"yoast-schema-graph\">{\"@context\":\"https:\/\/schema.org\",\"@graph\":[{\"@type\":\"WebPage\",\"@id\":\"https:\/\/opg-guberovic.hr\/?page_id=317\",\"url\":\"https:\/\/opg-guberovic.hr\/?page_id=317\",\"name\":\"Kontakt - OPG Guberovi\u0107 Petar\",\"isPartOf\":{\"@id\":\"https:\/\/opg-guberovic.hr\/#website\"},\"datePublished\":\"2020-07-22T10:58:31+00:00\",\"dateModified\":\"2021-11-22T08:25:19+00:00\",\"breadcrumb\":{\"@id\":\"https:\/\/opg-guberovic.hr\/?page_id=317#breadcrumb\"},\"inLanguage\":\"hr\",\"potentialAction\":[{\"@type\":\"ReadAction\",\"target\":[\"https:\/\/opg-guberovic.hr\/?page_id=317\"]}]},{\"@type\":\"BreadcrumbList\",\"@id\":\"https:\/\/opg-guberovic.hr\/?page_id=317#breadcrumb\",\"itemListElement\":[{\"@type\":\"ListItem\",\"position\":1,\"name\":\"Po\u010detna stranica\",\"item\":\"https:\/\/opg-guberovic.hr\/\"},{\"@type\":\"ListItem\",\"position\":2,\"name\":\"Kontakt\"}]},{\"@type\":\"WebSite\",\"@id\":\"https:\/\/opg-guberovic.hr\/#website\",\"url\":\"https:\/\/opg-guberovic.hr\/\",\"name\":\"OPG Guberovi\u0107 Petar\",\"description\":\"Vrhunsko doma\u0107e mlijeko\",\"publisher\":{\"@id\":\"https:\/\/opg-guberovic.hr\/#organization\"},\"potentialAction\":[{\"@type\":\"SearchAction\",\"target\":{\"@type\":\"EntryPoint\",\"urlTemplate\":\"https:\/\/opg-guberovic.hr\/?s={search_term_string}\"},\"query-input\":\"required name=search_term_string\"}],\"inLanguage\":\"hr\"},{\"@type\":\"Organization\",\"@id\":\"https:\/\/opg-guberovic.hr\/#organization\",\"name\":\"OPG Guberovi\u0107 Petar\",\"url\":\"https:\/\/opg-guberovic.hr\/\",\"logo\":{\"@type\":\"ImageObject\",\"inLanguage\":\"hr\",\"@id\":\"https:\/\/opg-guberovic.hr\/#\/schema\/logo\/image\/\",\"url\":\"https:\/\/opg-guberovic.hr\/wp-content\/uploads\/2020\/07\/logo.png\",\"contentUrl\":\"https:\/\/opg-guberovic.hr\/wp-content\/uploads\/2020\/07\/logo.png\",\"width\":215,\"height\":71,\"caption\":\"OPG Guberovi\u0107 Petar\"},\"image\":{\"@id\":\"https:\/\/opg-guberovic.hr\/#\/schema\/logo\/image\/\"}}]}<\/script>\n<!-- \/ Yoast SEO plugin. -->","yoast_head_json":{"title":"Kontakt - OPG Guberovi\u0107 Petar","robots":{"index":"index","follow":"follow","max-snippet":"max-snippet:-1","max-image-preview":"max-image-preview:large","max-video-preview":"max-video-preview:-1"},"canonical":"https:\/\/opg-guberovic.hr\/?page_id=317","og_locale":"hr_HR","og_type":"article","og_title":"Kontakt - OPG Guberovi\u0107 Petar","og_description":"Ostanimo u kontaktu Imate li pitanje ili prijedlog za suradnju. Slobodno nam se javite na jedan od kontakata. SubjectAbout UsOur FarmersRecipesProducts Po\u0161alji poruku Address : Gornji Varo\u0161 157, 35435 Stara Gradi\u0161ka Phone : 095\/8363-906, 091\/5749-865 Email : info@opg-guberovic.hr, ivanguberovic@live.com","og_url":"https:\/\/opg-guberovic.hr\/?page_id=317","og_site_name":"OPG Guberovi\u0107 Petar","article_modified_time":"2021-11-22T08:25:19+00:00","twitter_card":"summary_large_image","twitter_misc":{"Procijenjeno vrijeme \u010ditanja":"1 minuta"},"schema":{"@context":"https:\/\/schema.org","@graph":[{"@type":"WebPage","@id":"https:\/\/opg-guberovic.hr\/?page_id=317","url":"https:\/\/opg-guberovic.hr\/?page_id=317","name":"Kontakt - OPG Guberovi\u0107 Petar","isPartOf":{"@id":"https:\/\/opg-guberovic.hr\/#website"},"datePublished":"2020-07-22T10:58:31+00:00","dateModified":"2021-11-22T08:25:19+00:00","breadcrumb":{"@id":"https:\/\/opg-guberovic.hr\/?page_id=317#breadcrumb"},"inLanguage":"hr","potentialAction":[{"@type":"ReadAction","target":["https:\/\/opg-guberovic.hr\/?page_id=317"]}]},{"@type":"BreadcrumbList","@id":"https:\/\/opg-guberovic.hr\/?page_id=317#breadcrumb","itemListElement":[{"@type":"ListItem","position":1,"name":"Po\u010detna stranica","item":"https:\/\/opg-guberovic.hr\/"},{"@type":"ListItem","position":2,"name":"Kontakt"}]},{"@type":"WebSite","@id":"https:\/\/opg-guberovic.hr\/#website","url":"https:\/\/opg-guberovic.hr\/","name":"OPG Guberovi\u0107 Petar","description":"Vrhunsko doma\u0107e mlijeko","publisher":{"@id":"https:\/\/opg-guberovic.hr\/#organization"},"potentialAction":[{"@type":"SearchAction","target":{"@type":"EntryPoint","urlTemplate":"https:\/\/opg-guberovic.hr\/?s={search_term_string}"},"query-input":"required name=search_term_string"}],"inLanguage":"hr"},{"@type":"Organization","@id":"https:\/\/opg-guberovic.hr\/#organization","name":"OPG Guberovi\u0107 Petar","url":"https:\/\/opg-guberovic.hr\/","logo":{"@type":"ImageObject","inLanguage":"hr","@id":"https:\/\/opg-guberovic.hr\/#\/schema\/logo\/image\/","url":"https:\/\/opg-guberovic.hr\/wp-content\/uploads\/2020\/07\/logo.png","contentUrl":"https:\/\/opg-guberovic.hr\/wp-content\/uploads\/2020\/07\/logo.png","width":215,"height":71,"caption":"OPG Guberovi\u0107 Petar"},"image":{"@id":"https:\/\/opg-guberovic.hr\/#\/schema\/logo\/image\/"}}]}},"_links":{"self":[{"href":"https:\/\/opg-guberovic.hr\/index.php?rest_route=\/wp\/v2\/pages\/317","targetHints":{"allow":["GET"]}}],"collection":[{"href":"https:\/\/opg-guberovic.hr\/index.php?rest_route=\/wp\/v2\/pages"}],"about":[{"href":"https:\/\/opg-guberovic.hr\/index.php?rest_route=\/wp\/v2\/types\/page"}],"author":[{"embeddable":true,"href":"https:\/\/opg-guberovic.hr\/index.php?rest_route=\/wp\/v2\/users\/1"}],"replies":[{"embeddable":true,"href":"https:\/\/opg-guberovic.hr\/index.php?rest_route=%2Fwp%2Fv2%2Fcomments&post=317"}],"version-history":[{"count":10,"href":"https:\/\/opg-guberovic.hr\/index.php?rest_route=\/wp\/v2\/pages\/317\/revisions"}],"predecessor-version":[{"id":738,"href":"https:\/\/opg-guberovic.hr\/index.php?rest_route=\/wp\/v2\/pages\/317\/revisions\/738"}],"wp:attachment":[{"href":"https:\/\/opg-guberovic.hr\/index.php?rest_route=%2Fwp%2Fv2%2Fmedia&parent=317"}],"curies":[{"name":"wp","href":"https:\/\/api.w.org\/{rel}","templated":true}]}}