{"id":212,"date":"2020-07-21T10:55:34","date_gmt":"2020-07-21T10:55:34","guid":{"rendered":"http:\/\/el.commonsupport.com\/newwp\/hankcok\/?page_id=212"},"modified":"2021-11-22T10:03:30","modified_gmt":"2021-11-22T10:03:30","slug":"about-us","status":"publish","type":"page","link":"https:\/\/opg-guberovic.hr\/?page_id=212","title":{"rendered":"O nama"},"content":{"rendered":"\t\t<div data-elementor-type=\"wp-page\" data-elementor-id=\"212\" class=\"elementor elementor-212\">\n\t\t\t\t\t\t\t\t\t<section class=\"elementor-section elementor-top-section elementor-element elementor-element-e0fb6bf elementor-section-full_width elementor-section-height-default elementor-section-height-default\" data-id=\"e0fb6bf\" data-element_type=\"section\">\n\t\t\t\t\t\t<div class=\"elementor-container elementor-column-gap-default\">\n\t\t\t\t\t<div class=\"elementor-column elementor-col-100 elementor-top-column elementor-element elementor-element-e106e9d\" data-id=\"e106e9d\" data-element_type=\"column\">\n\t\t\t<div class=\"elementor-widget-wrap elementor-element-populated\">\n\t\t\t\t\t\t\t\t<div class=\"elementor-element elementor-element-4dde149 elementor-widget elementor-widget-hankcok_about_us_v2\" data-id=\"4dde149\" data-element_type=\"widget\" data-widget_type=\"hankcok_about_us_v2.default\">\n\t\t\t\t<div class=\"elementor-widget-container\">\n\t\t\t        \n        <!-- About Us Section Two -->\n        <section class=\"about-us-section-two\">\n            <div class=\"auto-container\">\n                <div class=\"row\">\n                    <div class=\"col-lg-6 image-column\">\n                        <div class=\"outer-box\">\n                            <div class=\"image mb-30\">\n                                <img decoding=\"async\" src=\"https:\/\/opg-guberovic.hr\/wp-content\/uploads\/2020\/07\/image-10.jpg\" alt=\"Awesome Image\">\n                                <div class=\"content\">\n                                    <h4>O nama<\/h4>\n                                    <div class=\"text\">Obiteljsko gospodarstvo koje svakodnevnim trudom proizvodi nove litre vrhunskog mlijeka\n<\/div>\n                                <\/div>\n                            <\/div>\n                        <\/div>                        \n                    <\/div>\n                    <div class=\"col-lg-6\">\n                        <div class=\"sec-title pl-lg-5 mb-30\">\n                            <h2>Misija na\u0161eg gospodarstva je proizvodnja vrhunskog mlijeka<\/h2>\n                            <div class=\"text\">\n                                <p>Na\u0161a tradicija i desetlje\u0107a iskustva poma\u017eu nam u tome da kvalitetno pristupimo proizvodnji. Trudimo se stvoriti identitet prepoznatljivosti i dugoro\u010dne odr\u017eivosti.\n<\/p>\n<p>\nPosjedujemo 9 mlije\u010dnih krava a za pripremu ishrane i daljnju prodaju trenutno se obra\u0111uje ukupno 10,14 ha\npoljoprivrednih povr\u0161ina. Od toga 0,85 ha p\u0161enice, 3,18 ha kukuruza u zrnu, 1,11 ha ostalih\n\u017eitarica, 1,39 ha lucerne i 1,26 ha livada i trajnih pa\u0161njaka.  Rezultat\ntrenuta\u010dnog poslovanja za 2019.godinu 30 000 litara mlijeka, 6 tona soje i ostalih \u017eitarica.\n\n <\/p>                            <\/div>\n                            <div class=\"read-more\"><a href=\"http:\/\/el.commonsupport.com\/newwp\/hankcok\/about-us\/\" class=\"read-more-btn\"><\/a><\/div>\n                        <\/div>\n                    <\/div>\n                <\/div>\n            <\/div>\n        <\/section>\n        \n\t\t\t\t<\/div>\n\t\t\t\t<\/div>\n\t\t\t\t\t<\/div>\n\t\t<\/div>\n\t\t\t\t\t\t\t<\/div>\n\t\t<\/section>\n\t\t\t\t\t\t\t<\/div>\n\t\t","protected":false},"excerpt":{"rendered":"<p>O nama Obiteljsko gospodarstvo koje svakodnevnim trudom proizvodi nove litre vrhunskog mlijeka Misija na\u0161eg gospodarstva je proizvodnja vrhunskog mlijeka Na\u0161a tradicija i desetlje\u0107a iskustva poma\u017eu nam u tome da kvalitetno pristupimo proizvodnji. Trudimo se stvoriti identitet prepoznatljivosti i dugoro\u010dne odr\u017eivosti. Posjedujemo 9 mlije\u010dnih krava a za pripremu ishrane i daljnju prodaju trenutno se obra\u0111uje ukupno [&hellip;]<\/p>\n","protected":false},"author":1,"featured_media":0,"parent":0,"menu_order":0,"comment_status":"closed","ping_status":"closed","template":"tpl-default-elementor.php","meta":{"footnotes":""},"class_list":["post-212","page","type-page","status-publish","hentry"],"yoast_head":"<!-- This site is optimized with the Yoast SEO plugin v20.7 - https:\/\/yoast.com\/wordpress\/plugins\/seo\/ -->\n<title>O nama - OPG Guberovi\u0107 Petar<\/title>\n<meta name=\"robots\" content=\"index, follow, max-snippet:-1, max-image-preview:large, max-video-preview:-1\" \/>\n<link rel=\"canonical\" href=\"https:\/\/opg-guberovic.hr\/?page_id=212\" \/>\n<meta property=\"og:locale\" content=\"hr_HR\" \/>\n<meta property=\"og:type\" content=\"article\" \/>\n<meta property=\"og:title\" content=\"O nama - OPG Guberovi\u0107 Petar\" \/>\n<meta property=\"og:description\" content=\"O nama Obiteljsko gospodarstvo koje svakodnevnim trudom proizvodi nove litre vrhunskog mlijeka Misija na\u0161eg gospodarstva je proizvodnja vrhunskog mlijeka Na\u0161a tradicija i desetlje\u0107a iskustva poma\u017eu nam u tome da kvalitetno pristupimo proizvodnji. Trudimo se stvoriti identitet prepoznatljivosti i dugoro\u010dne odr\u017eivosti. Posjedujemo 9 mlije\u010dnih krava a za pripremu ishrane i daljnju prodaju trenutno se obra\u0111uje ukupno [&hellip;]\" \/>\n<meta property=\"og:url\" content=\"https:\/\/opg-guberovic.hr\/?page_id=212\" \/>\n<meta property=\"og:site_name\" content=\"OPG Guberovi\u0107 Petar\" \/>\n<meta property=\"article:modified_time\" content=\"2021-11-22T10:03:30+00:00\" \/>\n<meta property=\"og:image\" content=\"https:\/\/opg-guberovic.hr\/wp-content\/uploads\/2020\/07\/image-10.jpg\" \/>\n<meta name=\"twitter:card\" content=\"summary_large_image\" \/>\n<meta name=\"twitter:label1\" content=\"Procijenjeno vrijeme \u010ditanja\" \/>\n\t<meta name=\"twitter:data1\" content=\"1 minuta\" \/>\n<script type=\"application\/ld+json\" class=\"yoast-schema-graph\">{\"@context\":\"https:\/\/schema.org\",\"@graph\":[{\"@type\":\"WebPage\",\"@id\":\"https:\/\/opg-guberovic.hr\/?page_id=212\",\"url\":\"https:\/\/opg-guberovic.hr\/?page_id=212\",\"name\":\"O nama - OPG Guberovi\u0107 Petar\",\"isPartOf\":{\"@id\":\"https:\/\/opg-guberovic.hr\/#website\"},\"datePublished\":\"2020-07-21T10:55:34+00:00\",\"dateModified\":\"2021-11-22T10:03:30+00:00\",\"breadcrumb\":{\"@id\":\"https:\/\/opg-guberovic.hr\/?page_id=212#breadcrumb\"},\"inLanguage\":\"hr\",\"potentialAction\":[{\"@type\":\"ReadAction\",\"target\":[\"https:\/\/opg-guberovic.hr\/?page_id=212\"]}]},{\"@type\":\"BreadcrumbList\",\"@id\":\"https:\/\/opg-guberovic.hr\/?page_id=212#breadcrumb\",\"itemListElement\":[{\"@type\":\"ListItem\",\"position\":1,\"name\":\"Po\u010detna stranica\",\"item\":\"https:\/\/opg-guberovic.hr\/\"},{\"@type\":\"ListItem\",\"position\":2,\"name\":\"O nama\"}]},{\"@type\":\"WebSite\",\"@id\":\"https:\/\/opg-guberovic.hr\/#website\",\"url\":\"https:\/\/opg-guberovic.hr\/\",\"name\":\"OPG Guberovi\u0107 Petar\",\"description\":\"Vrhunsko doma\u0107e mlijeko\",\"publisher\":{\"@id\":\"https:\/\/opg-guberovic.hr\/#organization\"},\"potentialAction\":[{\"@type\":\"SearchAction\",\"target\":{\"@type\":\"EntryPoint\",\"urlTemplate\":\"https:\/\/opg-guberovic.hr\/?s={search_term_string}\"},\"query-input\":\"required name=search_term_string\"}],\"inLanguage\":\"hr\"},{\"@type\":\"Organization\",\"@id\":\"https:\/\/opg-guberovic.hr\/#organization\",\"name\":\"OPG Guberovi\u0107 Petar\",\"url\":\"https:\/\/opg-guberovic.hr\/\",\"logo\":{\"@type\":\"ImageObject\",\"inLanguage\":\"hr\",\"@id\":\"https:\/\/opg-guberovic.hr\/#\/schema\/logo\/image\/\",\"url\":\"https:\/\/opg-guberovic.hr\/wp-content\/uploads\/2020\/07\/logo.png\",\"contentUrl\":\"https:\/\/opg-guberovic.hr\/wp-content\/uploads\/2020\/07\/logo.png\",\"width\":215,\"height\":71,\"caption\":\"OPG Guberovi\u0107 Petar\"},\"image\":{\"@id\":\"https:\/\/opg-guberovic.hr\/#\/schema\/logo\/image\/\"}}]}<\/script>\n<!-- \/ Yoast SEO plugin. -->","yoast_head_json":{"title":"O nama - OPG Guberovi\u0107 Petar","robots":{"index":"index","follow":"follow","max-snippet":"max-snippet:-1","max-image-preview":"max-image-preview:large","max-video-preview":"max-video-preview:-1"},"canonical":"https:\/\/opg-guberovic.hr\/?page_id=212","og_locale":"hr_HR","og_type":"article","og_title":"O nama - OPG Guberovi\u0107 Petar","og_description":"O nama Obiteljsko gospodarstvo koje svakodnevnim trudom proizvodi nove litre vrhunskog mlijeka Misija na\u0161eg gospodarstva je proizvodnja vrhunskog mlijeka Na\u0161a tradicija i desetlje\u0107a iskustva poma\u017eu nam u tome da kvalitetno pristupimo proizvodnji. Trudimo se stvoriti identitet prepoznatljivosti i dugoro\u010dne odr\u017eivosti. Posjedujemo 9 mlije\u010dnih krava a za pripremu ishrane i daljnju prodaju trenutno se obra\u0111uje ukupno [&hellip;]","og_url":"https:\/\/opg-guberovic.hr\/?page_id=212","og_site_name":"OPG Guberovi\u0107 Petar","article_modified_time":"2021-11-22T10:03:30+00:00","og_image":[{"url":"https:\/\/opg-guberovic.hr\/wp-content\/uploads\/2020\/07\/image-10.jpg"}],"twitter_card":"summary_large_image","twitter_misc":{"Procijenjeno vrijeme \u010ditanja":"1 minuta"},"schema":{"@context":"https:\/\/schema.org","@graph":[{"@type":"WebPage","@id":"https:\/\/opg-guberovic.hr\/?page_id=212","url":"https:\/\/opg-guberovic.hr\/?page_id=212","name":"O nama - OPG Guberovi\u0107 Petar","isPartOf":{"@id":"https:\/\/opg-guberovic.hr\/#website"},"datePublished":"2020-07-21T10:55:34+00:00","dateModified":"2021-11-22T10:03:30+00:00","breadcrumb":{"@id":"https:\/\/opg-guberovic.hr\/?page_id=212#breadcrumb"},"inLanguage":"hr","potentialAction":[{"@type":"ReadAction","target":["https:\/\/opg-guberovic.hr\/?page_id=212"]}]},{"@type":"BreadcrumbList","@id":"https:\/\/opg-guberovic.hr\/?page_id=212#breadcrumb","itemListElement":[{"@type":"ListItem","position":1,"name":"Po\u010detna stranica","item":"https:\/\/opg-guberovic.hr\/"},{"@type":"ListItem","position":2,"name":"O nama"}]},{"@type":"WebSite","@id":"https:\/\/opg-guberovic.hr\/#website","url":"https:\/\/opg-guberovic.hr\/","name":"OPG Guberovi\u0107 Petar","description":"Vrhunsko doma\u0107e mlijeko","publisher":{"@id":"https:\/\/opg-guberovic.hr\/#organization"},"potentialAction":[{"@type":"SearchAction","target":{"@type":"EntryPoint","urlTemplate":"https:\/\/opg-guberovic.hr\/?s={search_term_string}"},"query-input":"required name=search_term_string"}],"inLanguage":"hr"},{"@type":"Organization","@id":"https:\/\/opg-guberovic.hr\/#organization","name":"OPG Guberovi\u0107 Petar","url":"https:\/\/opg-guberovic.hr\/","logo":{"@type":"ImageObject","inLanguage":"hr","@id":"https:\/\/opg-guberovic.hr\/#\/schema\/logo\/image\/","url":"https:\/\/opg-guberovic.hr\/wp-content\/uploads\/2020\/07\/logo.png","contentUrl":"https:\/\/opg-guberovic.hr\/wp-content\/uploads\/2020\/07\/logo.png","width":215,"height":71,"caption":"OPG Guberovi\u0107 Petar"},"image":{"@id":"https:\/\/opg-guberovic.hr\/#\/schema\/logo\/image\/"}}]}},"_links":{"self":[{"href":"https:\/\/opg-guberovic.hr\/index.php?rest_route=\/wp\/v2\/pages\/212","targetHints":{"allow":["GET"]}}],"collection":[{"href":"https:\/\/opg-guberovic.hr\/index.php?rest_route=\/wp\/v2\/pages"}],"about":[{"href":"https:\/\/opg-guberovic.hr\/index.php?rest_route=\/wp\/v2\/types\/page"}],"author":[{"embeddable":true,"href":"https:\/\/opg-guberovic.hr\/index.php?rest_route=\/wp\/v2\/users\/1"}],"replies":[{"embeddable":true,"href":"https:\/\/opg-guberovic.hr\/index.php?rest_route=%2Fwp%2Fv2%2Fcomments&post=212"}],"version-history":[{"count":12,"href":"https:\/\/opg-guberovic.hr\/index.php?rest_route=\/wp\/v2\/pages\/212\/revisions"}],"predecessor-version":[{"id":790,"href":"https:\/\/opg-guberovic.hr\/index.php?rest_route=\/wp\/v2\/pages\/212\/revisions\/790"}],"wp:attachment":[{"href":"https:\/\/opg-guberovic.hr\/index.php?rest_route=%2Fwp%2Fv2%2Fmedia&parent=212"}],"curies":[{"name":"wp","href":"https:\/\/api.w.org\/{rel}","templated":true}]}}